{"id":639,"date":"2022-09-30T10:24:42","date_gmt":"2022-09-30T08:24:42","guid":{"rendered":"https:\/\/www.blancapera.com\/pagina-ejemplo\/"},"modified":"2024-09-06T11:33:48","modified_gmt":"2024-09-06T09:33:48","slug":"pagina-ejemplo","status":"publish","type":"page","link":"https:\/\/www.blancapera.com\/es\/","title":{"rendered":"Home"},"content":{"rendered":"<section class=\"l-section wpb_row height_auto full_height valign_top width_full\"><div class=\"l-section-h i-cf\"><div class=\"g-cols vc_row via_flex valign_top type_default stacking_default\"><div class=\"vc_col-sm-12 wpb_column vc_column_container\"><div class=\"vc_column-inner\"><div class=\"wpb_wrapper\"><div class=\"w-grid us_custom_84af7e24 slider type_carousel layout_84\" id=\"us_grid_1\" style=\"--gap:0px;\"><style>.layout_84 .w-grid-item-h{}.layout_84 .usg_vwrapper_1{width:100%!important;height:100%!important;min-height:calc(100vh - var(--header-height))!important}.layout_84 .usg_post_title_1{color:#ffffff!important;font-size:4.6rem!important;line-height:1!important;font-family:var(--h1-font-family)!important;font-weight:400!important;text-transform:uppercase!important;width:70%!important;max-width:895px!important}.layout_84 .usg_vwrapper_2{width:100%!important;max-width:calc(1480px + 3rem)!important;margin-left:auto!important;margin-right:auto!important;padding-left:1.5rem!important;padding-right:1.5rem!important}.layout_84 .usg_vwrapper_3{width:100%!important;height:100%!important;background:rgba(0,0,0,0.25)!important}@media (min-width:1025px) and (max-width:1280px){.layout_84 .usg_post_title_1{color:#ffffff!important;font-size:3.6rem!important;line-height:1!important;font-family:var(--h1-font-family)!important;font-weight:400!important;text-transform:uppercase!important}}@media (min-width:601px) and (max-width:1024px){.layout_84 .usg_post_title_1{color:#ffffff!important;font-size:2.6rem!important;line-height:1!important;font-family:var(--h1-font-family)!important;font-weight:400!important;text-transform:uppercase!important}}@media (max-width:600px){.layout_84 .usg_post_title_1{color:#ffffff!important;font-size:2rem!important;line-height:1!important;font-family:var(--h1-font-family)!important;font-weight:400!important;text-transform:uppercase!important}}<\/style><div class=\"w-grid-list owl-carousel navstyle_circle navpos_outside with_dots\">\t<article class=\"w-grid-item post-643 sliders type-sliders status-publish has-post-thumbnail hentry\" data-id=\"643\">\r\n\t\t<div class=\"w-grid-item-h\">\r\n\t\t\t\t\t\t<div class=\"w-vwrapper usg_vwrapper_1 slider-img align_center valign_middle\" style=\"--vwrapper-gap:0px\"><div class=\"w-vwrapper usg_vwrapper_3 align_center valign_middle\" style=\"--vwrapper-gap:0px\"><div class=\"w-vwrapper usg_vwrapper_2 align_left valign_middle\"><div class=\"w-post-elm post_title usg_post_title_1 has_text_color entry-title color_link_inherit\">El lujo de vivir<\/div><\/div><\/div><\/div>\t\t<\/div>\r\n\t\t\t\t\t<style>.layout_84 .post-643 .usg_vwrapper_1{background:url(https:\/\/www.blancapera.com\/wp-content\/uploads\/2024\/07\/1.-Atalaya-terraza-noche.jpg) no-repeat center center \/ cover!important}<\/style>\r\n\t\t\t<\/article>\r\n\t<article class=\"w-grid-item post-644 sliders type-sliders status-publish has-post-thumbnail hentry\" data-id=\"644\">\r\n\t\t<div class=\"w-grid-item-h\">\r\n\t\t\t\t\t\t<div class=\"w-vwrapper usg_vwrapper_1 slider-img align_center valign_middle\" style=\"--vwrapper-gap:0px\"><div class=\"w-vwrapper usg_vwrapper_3 align_center valign_middle\" style=\"--vwrapper-gap:0px\"><div class=\"w-vwrapper usg_vwrapper_2 align_left valign_middle\"><div class=\"w-post-elm post_title usg_post_title_1 has_text_color entry-title color_link_inherit\">El lujo de vivir<\/div><\/div><\/div><\/div>\t\t<\/div>\r\n\t\t\t\t\t<style>.layout_84 .post-644 .usg_vwrapper_1{background:url(https:\/\/www.blancapera.com\/wp-content\/uploads\/2024\/07\/2.-La-Quinta-salon.jpg) no-repeat center center \/ cover!important}<\/style>\r\n\t\t\t<\/article>\r\n\t<article class=\"w-grid-item post-645 sliders type-sliders status-publish has-post-thumbnail hentry\" data-id=\"645\">\r\n\t\t<div class=\"w-grid-item-h\">\r\n\t\t\t\t\t\t<div class=\"w-vwrapper usg_vwrapper_1 slider-img align_center valign_middle\" style=\"--vwrapper-gap:0px\"><div class=\"w-vwrapper usg_vwrapper_3 align_center valign_middle\" style=\"--vwrapper-gap:0px\"><div class=\"w-vwrapper usg_vwrapper_2 align_left valign_middle\"><div class=\"w-post-elm post_title usg_post_title_1 has_text_color entry-title color_link_inherit\">El lujo de vivir<\/div><\/div><\/div><\/div>\t\t<\/div>\r\n\t\t\t\t\t<style>.layout_84 .post-645 .usg_vwrapper_1{background:url(https:\/\/www.blancapera.com\/wp-content\/uploads\/2024\/07\/3.-Atalaya-lampara-comedor.jpg) no-repeat center center \/ cover!important}<\/style>\r\n\t\t\t<\/article>\r\n\t<article class=\"w-grid-item post-647 sliders type-sliders status-publish has-post-thumbnail hentry\" data-id=\"647\">\r\n\t\t<div class=\"w-grid-item-h\">\r\n\t\t\t\t\t\t<div class=\"w-vwrapper usg_vwrapper_1 slider-img align_center valign_middle\" style=\"--vwrapper-gap:0px\"><div class=\"w-vwrapper usg_vwrapper_3 align_center valign_middle\" style=\"--vwrapper-gap:0px\"><div class=\"w-vwrapper usg_vwrapper_2 align_left valign_middle\"><div class=\"w-post-elm post_title usg_post_title_1 has_text_color entry-title color_link_inherit\">Dise\u00f1o contempor\u00e1neo<\/div><\/div><\/div><\/div>\t\t<\/div>\r\n\t\t\t\t\t<style>.layout_84 .post-647 .usg_vwrapper_1{background:url(https:\/\/www.blancapera.com\/wp-content\/uploads\/2024\/07\/4.-Atalaya-dorm-2.jpg) no-repeat center center \/ cover!important}<\/style>\r\n\t\t\t<\/article>\r\n\t<article class=\"w-grid-item post-648 sliders type-sliders status-publish has-post-thumbnail hentry\" data-id=\"648\">\r\n\t\t<div class=\"w-grid-item-h\">\r\n\t\t\t\t\t\t<div class=\"w-vwrapper usg_vwrapper_1 slider-img align_center valign_middle\" style=\"--vwrapper-gap:0px\"><div class=\"w-vwrapper usg_vwrapper_3 align_center valign_middle\" style=\"--vwrapper-gap:0px\"><div class=\"w-vwrapper usg_vwrapper_2 align_left valign_middle\"><div class=\"w-post-elm post_title usg_post_title_1 has_text_color entry-title color_link_inherit\">Dise\u00f1o contempor\u00e1neo<\/div><\/div><\/div><\/div>\t\t<\/div>\r\n\t\t\t\t\t<style>.layout_84 .post-648 .usg_vwrapper_1{background:url(https:\/\/www.blancapera.com\/wp-content\/uploads\/2024\/07\/5.-COPENHAGUE-SALON-scaled.jpg) no-repeat center center \/ cover!important}<\/style>\r\n\t\t\t<\/article>\r\n\t<article class=\"w-grid-item post-649 sliders type-sliders status-publish has-post-thumbnail hentry\" data-id=\"649\">\r\n\t\t<div class=\"w-grid-item-h\">\r\n\t\t\t\t\t\t<div class=\"w-vwrapper usg_vwrapper_1 slider-img align_center valign_middle\" style=\"--vwrapper-gap:0px\"><div class=\"w-vwrapper usg_vwrapper_3 align_center valign_middle\" style=\"--vwrapper-gap:0px\"><div class=\"w-vwrapper usg_vwrapper_2 align_left valign_middle\"><div class=\"w-post-elm post_title usg_post_title_1 has_text_color entry-title color_link_inherit\">Dise\u00f1o contempor\u00e1neo<\/div><\/div><\/div><\/div>\t\t<\/div>\r\n\t\t\t\t\t<style>.layout_84 .post-649 .usg_vwrapper_1{background:url(https:\/\/www.blancapera.com\/wp-content\/uploads\/2024\/07\/6.-Cerquilla-salon-scaled.jpg) no-repeat center center \/ cover!important}<\/style>\r\n\t\t\t<\/article>\r\n\t<article class=\"w-grid-item post-650 sliders type-sliders status-publish has-post-thumbnail hentry\" data-id=\"650\">\r\n\t\t<div class=\"w-grid-item-h\">\r\n\t\t\t\t\t\t<div class=\"w-vwrapper usg_vwrapper_1 slider-img align_center valign_middle\" style=\"--vwrapper-gap:0px\"><div class=\"w-vwrapper usg_vwrapper_3 align_center valign_middle\" style=\"--vwrapper-gap:0px\"><div class=\"w-vwrapper usg_vwrapper_2 align_left valign_middle\"><div class=\"w-post-elm post_title usg_post_title_1 has_text_color entry-title color_link_inherit\">Calidad, simplicidad y elegancia<\/div><\/div><\/div><\/div>\t\t<\/div>\r\n\t\t\t\t\t<style>.layout_84 .post-650 .usg_vwrapper_1{background:url(https:\/\/www.blancapera.com\/wp-content\/uploads\/2024\/07\/7.-COPENHAGUE-ENTRADA.jpg) no-repeat center center \/ cover!important}<\/style>\r\n\t\t\t<\/article>\r\n\t<article class=\"w-grid-item post-651 sliders type-sliders status-publish has-post-thumbnail hentry\" data-id=\"651\">\r\n\t\t<div class=\"w-grid-item-h\">\r\n\t\t\t\t\t\t<div class=\"w-vwrapper usg_vwrapper_1 slider-img align_center valign_middle\" style=\"--vwrapper-gap:0px\"><div class=\"w-vwrapper usg_vwrapper_3 align_center valign_middle\" style=\"--vwrapper-gap:0px\"><div class=\"w-vwrapper usg_vwrapper_2 align_left valign_middle\"><div class=\"w-post-elm post_title usg_post_title_1 has_text_color entry-title color_link_inherit\">Calidad, simplicidad y elegancia<\/div><\/div><\/div><\/div>\t\t<\/div>\r\n\t\t\t\t\t<style>.layout_84 .post-651 .usg_vwrapper_1{background:url(https:\/\/www.blancapera.com\/wp-content\/uploads\/2024\/07\/8.-Cine-Atalaya.jpg) no-repeat center center \/ cover!important}<\/style>\r\n\t\t\t<\/article>\r\n\t<article class=\"w-grid-item post-652 sliders type-sliders status-publish has-post-thumbnail hentry\" data-id=\"652\">\r\n\t\t<div class=\"w-grid-item-h\">\r\n\t\t\t\t\t\t<div class=\"w-vwrapper usg_vwrapper_1 slider-img align_center valign_middle\" style=\"--vwrapper-gap:0px\"><div class=\"w-vwrapper usg_vwrapper_3 align_center valign_middle\" style=\"--vwrapper-gap:0px\"><div class=\"w-vwrapper usg_vwrapper_2 align_left valign_middle\"><div class=\"w-post-elm post_title usg_post_title_1 has_text_color entry-title color_link_inherit\">Calidad, simplicidad y elegancia<\/div><\/div><\/div><\/div>\t\t<\/div>\r\n\t\t\t\t\t<style>.layout_84 .post-652 .usg_vwrapper_1{background:url(https:\/\/www.blancapera.com\/wp-content\/uploads\/2024\/07\/9.-Gym-Atalaya.jpg) no-repeat center center \/ cover!important}<\/style>\r\n\t\t\t<\/article>\r\n<\/div>\t<div class=\"g-preloader type_1\">\r\n\t\t<div><\/div>\r\n\t<\/div>\r\n\t\t<div class=\"w-grid-json hidden\" onclick='return {&quot;action&quot;:&quot;us_ajax_grid&quot;,&quot;infinite_scroll&quot;:0,&quot;max_num_pages&quot;:1,&quot;pagination&quot;:&quot;none&quot;,&quot;template_vars&quot;:{&quot;columns&quot;:&quot;1&quot;,&quot;exclude_items&quot;:&quot;none&quot;,&quot;img_size&quot;:&quot;default&quot;,&quot;ignore_items_size&quot;:0,&quot;items_layout&quot;:&quot;84&quot;,&quot;items_offset&quot;:&quot;1&quot;,&quot;load_animation&quot;:&quot;none&quot;,&quot;overriding_link&quot;:&quot;%7B%22url%22%3A%22%22%7D&quot;,&quot;post_id&quot;:0,&quot;query_args&quot;:{&quot;post_type&quot;:[&quot;sliders&quot;],&quot;post_status&quot;:[&quot;publish&quot;],&quot;posts_per_page&quot;:999},&quot;orderby_query_args&quot;:{&quot;orderby&quot;:{&quot;date&quot;:&quot;ASC&quot;}},&quot;type&quot;:&quot;carousel&quot;,&quot;us_grid_post_type&quot;:&quot;sliders&quot;,&quot;us_grid_ajax_index&quot;:1,&quot;us_grid_filter_params&quot;:[],&quot;us_grid_index&quot;:1,&quot;page_args&quot;:[],&quot;lang&quot;:&quot;es&quot;},&quot;carousel_settings&quot;:{&quot;autoHeight&quot;:0,&quot;autoplay&quot;:1,&quot;carousel_fade&quot;:1,&quot;center&quot;:0,&quot;dots&quot;:1,&quot;items&quot;:&quot;1&quot;,&quot;loop&quot;:true,&quot;nav&quot;:0,&quot;slideby&quot;:&quot;1&quot;,&quot;smooth_play&quot;:0,&quot;speed&quot;:250,&quot;timeout&quot;:5000,&quot;transition&quot;:&quot;&quot;,&quot;aria_labels&quot;:{&quot;prev&quot;:&quot;Anterior&quot;,&quot;next&quot;:&quot;Siguiente&quot;}},&quot;carousel_breakpoints&quot;:{&quot;0&quot;:{&quot;autoHeight&quot;:0,&quot;autoplay&quot;:1,&quot;autoplayHoverPause&quot;:1,&quot;items&quot;:1,&quot;loop&quot;:true,&quot;stagePadding&quot;:0},&quot;601&quot;:{&quot;autoHeight&quot;:0,&quot;autoplay&quot;:1,&quot;autoplayHoverPause&quot;:1,&quot;items&quot;:1,&quot;loop&quot;:true,&quot;stagePadding&quot;:0},&quot;1025&quot;:{&quot;autoHeight&quot;:0,&quot;autoplay&quot;:1,&quot;autoplayHoverPause&quot;:1,&quot;items&quot;:1,&quot;loop&quot;:true,&quot;stagePadding&quot;:0},&quot;1281&quot;:{&quot;items&quot;:1,&quot;stagePadding&quot;:0}}}'><\/div>\r\n\t<\/div><\/div><\/div><\/div><\/div><\/div><\/section><section class=\"l-section wpb_row us_custom_29e795d4 height_medium\"><div class=\"l-section-h i-cf\"><div class=\"g-cols vc_row via_flex valign_middle type_default reversed stacking_default\" style=\"--additional-gap:1rem;\"><div class=\"vc_col-sm-7 wpb_column vc_column_container deco-home stretched\"><div class=\"vc_column-inner us_custom_996edc05\"><div class=\"wpb_wrapper\"><div class=\"g-cols wpb_row us_custom_0ccc3812 via_flex valign_top type_default stacking_default\" style=\"--additional-gap:6px;\"><div class=\"vc_col-sm-4 wpb_column vc_column_container has_bg_color\"><div class=\"vc_column-inner us_custom_0c61fa92\"><div class=\"wpb_wrapper\"><\/div><\/div><\/div><div class=\"vc_col-sm-4 wpb_column vc_column_container has_bg_color\"><div class=\"vc_column-inner us_custom_13adb988\"><div class=\"wpb_wrapper\"><\/div><\/div><\/div><div class=\"vc_col-sm-4 wpb_column vc_column_container has_bg_color\"><div class=\"vc_column-inner us_custom_351ab5b5\"><div class=\"wpb_wrapper\"><\/div><\/div><\/div><\/div><\/div><\/div><\/div><div class=\"vc_col-sm-5 wpb_column vc_column_container\"><div class=\"vc_column-inner\"><div class=\"wpb_wrapper\">[vc_custom_heading text=\u00bb<strong>Blanca Pera<br \/>\nInterior Design Studio<\/strong>\u00bb font_container=\u00bbtag:h1|text_align:left\u00bb use_theme_fonts=\u00bbyes\u00bb css=\u00bb%7B%22default%22%3A%7B%22font-size%22%3A%222rem%22%7D%2C%22laptops%22%3A%7B%22font-size%22%3A%221.8rem%22%7D%2C%22tablets%22%3A%7B%22font-size%22%3A%221.8rem%22%7D%2C%22mobiles%22%3A%7B%22font-size%22%3A%221.6rem%22%7D%7D\u00bb el_class=\u00bbdeco deco-right\u00bb]<div class=\"w-vwrapper us_custom_70facfb4 align_none valign_top\" style=\"--vwrapper-gap:0.5rem\">[vc_custom_heading text=\u00bbEl lujo de vivir\u00bb use_theme_fonts=\u00bbyes\u00bb css=\u00bb%7B%22default%22%3A%7B%22color%22%3A%22_content_text%22%2C%22font-size%22%3A%221.25rem%22%7D%7D\u00bb]<div class=\"wpb_text_column\"><div class=\"wpb_wrapper\"><p>Nuestra forma de entender el lujo se basa en el placer fundamental de vivir, sumergirse en la belleza visual y t\u00e1ctil.<\/p>\n<\/div><\/div><\/div><div class=\"w-vwrapper us_custom_70facfb4 align_none valign_top\" style=\"--vwrapper-gap:0.5rem\">[vc_custom_heading text=\u00bbDise\u00f1o contempor\u00e1neo\u00bb use_theme_fonts=\u00bbyes\u00bb css=\u00bb%7B%22default%22%3A%7B%22color%22%3A%22_content_text%22%2C%22font-size%22%3A%221.25rem%22%7D%7D\u00bb]<div class=\"wpb_text_column\"><div class=\"wpb_wrapper\"><p>Centrado en la excelencia, el confort, y el bienestar.<\/p>\n<\/div><\/div><\/div><div class=\"w-vwrapper align_none valign_top\" style=\"--vwrapper-gap:0.5rem\">[vc_custom_heading text=\u00bbCalidad, simplicidad y elegancia\u00bb use_theme_fonts=\u00bbyes\u00bb css=\u00bb%7B%22default%22%3A%7B%22color%22%3A%22_content_text%22%2C%22font-size%22%3A%221.25rem%22%7D%7D\u00bb]<div class=\"wpb_text_column\"><div class=\"wpb_wrapper\"><p>Ponemos toda nuestra atenci\u00f3n en la calidad del espacio, la sofisticaci\u00f3n relajada, la elegancia atemporal, la belleza de la simplicidad.<\/p>\n<\/div><\/div><\/div><\/div><\/div><\/div><\/div><\/div><\/section><section class=\"l-section wpb_row us_custom_94be0cb5 height_medium\"><div class=\"l-section-h i-cf\"><div class=\"g-cols vc_row via_flex valign_middle type_default stacking_default\" style=\"--additional-gap:1rem;\"><div class=\"vc_col-sm-6 wpb_column vc_column_container\"><div class=\"vc_column-inner\"><div class=\"wpb_wrapper\">[vc_custom_heading text=\u00bb<strong>El estudio<\/strong>\u00bb use_theme_fonts=\u00bbyes\u00bb css=\u00bb%7B%22default%22%3A%7B%22margin-bottom%22%3A%222rem%22%7D%7D\u00bb el_class=\u00bbdeco deco-left\u00bb]<div class=\"wpb_text_column\"><div class=\"wpb_wrapper\"><p>El estudio, con sede en Marbella, Espa\u00f1a, combina los \u00faltimos conocimientos para garantizar la singularidad en los proyectos de sus clientes, que los distingue del resto.<\/p>\n<p>Fue fundado en 2015, por Blanca Pera, con el objetivo de crear dise\u00f1os para los clientes m\u00e1s exigentes, superar sus objetivos y mejorar sus vidas.<\/p>\n<p>Todos los proyectos se desarrollan en torno a una comprensi\u00f3n contempor\u00e1nea de lo que es el lujo, un concepto de lujo basado en el placer fundamental de vivir, inmerso en la belleza visual y t\u00e1ctil.<\/p>\n<\/div><\/div><\/div><\/div><\/div><div class=\"vc_col-sm-6 wpb_column vc_column_container has_bg_color stretched\"><div class=\"vc_column-inner us_custom_a22eb815\"><div class=\"wpb_wrapper\"><\/div><\/div><\/div><\/div><\/div><\/section>\n","protected":false},"excerpt":{"rendered":"","protected":false},"author":1,"featured_media":0,"parent":0,"menu_order":0,"comment_status":"closed","ping_status":"open","template":"","meta":{"footnotes":""},"class_list":["post-639","page","type-page","status-publish","hentry"],"yoast_head":"<!-- This site is optimized with the Yoast SEO plugin v27.5 - https:\/\/yoast.com\/product\/yoast-seo-wordpress\/ -->\n<title>Dise\u00f1o de Interiores y Mobiliario a Medida | Blanca Pera - Interior Design Studio<\/title>\n<meta name=\"description\" content=\"Dise\u00f1o de interiores y mobiliario exclusivo a medida. Espacios \u00fanicos con estilo y funcionalidad personalizados.\" \/>\n<meta name=\"robots\" content=\"index, follow, max-snippet:-1, max-image-preview:large, max-video-preview:-1\" \/>\n<link rel=\"canonical\" href=\"https:\/\/www.blancapera.com\/es\/\" \/>\n<meta property=\"og:locale\" content=\"es_ES\" \/>\n<meta property=\"og:type\" content=\"article\" \/>\n<meta property=\"og:title\" content=\"Dise\u00f1o de Interiores y Mobiliario a Medida | Blanca Pera - Interior Design Studio\" \/>\n<meta property=\"og:description\" content=\"Dise\u00f1o de interiores y mobiliario exclusivo a medida. Espacios \u00fanicos con estilo y funcionalidad personalizados.\" \/>\n<meta property=\"og:url\" content=\"https:\/\/www.blancapera.com\/es\/\" \/>\n<meta property=\"og:site_name\" content=\"Blanca Pera - Interior Design Studio\" \/>\n<meta property=\"article:publisher\" content=\"https:\/\/www.facebook.com\/blancaperainteriordesign\" \/>\n<meta property=\"article:modified_time\" content=\"2024-09-06T09:33:48+00:00\" \/>\n<meta name=\"twitter:card\" content=\"summary_large_image\" \/>\n<meta name=\"twitter:label1\" content=\"Tiempo de lectura\" \/>\n\t<meta name=\"twitter:data1\" content=\"1 minuto\" \/>\n<script type=\"application\/ld+json\" class=\"yoast-schema-graph\">{\"@context\":\"https:\\\/\\\/schema.org\",\"@graph\":[{\"@type\":\"WebPage\",\"@id\":\"https:\\\/\\\/www.blancapera.com\\\/es\\\/\",\"url\":\"https:\\\/\\\/www.blancapera.com\\\/es\\\/\",\"name\":\"Dise\u00f1o de Interiores y Mobiliario a Medida | Blanca Pera - Interior Design Studio\",\"isPartOf\":{\"@id\":\"https:\\\/\\\/www.blancapera.com\\\/es\\\/#website\"},\"datePublished\":\"2022-09-30T08:24:42+00:00\",\"dateModified\":\"2024-09-06T09:33:48+00:00\",\"description\":\"Dise\u00f1o de interiores y mobiliario exclusivo a medida. Espacios \u00fanicos con estilo y funcionalidad personalizados.\",\"breadcrumb\":{\"@id\":\"https:\\\/\\\/www.blancapera.com\\\/es\\\/#breadcrumb\"},\"inLanguage\":\"es\",\"potentialAction\":[{\"@type\":\"ReadAction\",\"target\":[\"https:\\\/\\\/www.blancapera.com\\\/es\\\/\"]}]},{\"@type\":\"BreadcrumbList\",\"@id\":\"https:\\\/\\\/www.blancapera.com\\\/es\\\/#breadcrumb\",\"itemListElement\":[{\"@type\":\"ListItem\",\"position\":1,\"name\":\"Portada\",\"item\":\"https:\\\/\\\/www.blancapera.com\\\/es\\\/\"},{\"@type\":\"ListItem\",\"position\":2,\"name\":\"Home\"}]},{\"@type\":\"WebSite\",\"@id\":\"https:\\\/\\\/www.blancapera.com\\\/es\\\/#website\",\"url\":\"https:\\\/\\\/www.blancapera.com\\\/es\\\/\",\"name\":\"Blanca Pera - Interior Design Studio\",\"description\":\"\",\"publisher\":{\"@id\":\"https:\\\/\\\/www.blancapera.com\\\/es\\\/#organization\"},\"potentialAction\":[{\"@type\":\"SearchAction\",\"target\":{\"@type\":\"EntryPoint\",\"urlTemplate\":\"https:\\\/\\\/www.blancapera.com\\\/es\\\/?s={search_term_string}\"},\"query-input\":{\"@type\":\"PropertyValueSpecification\",\"valueRequired\":true,\"valueName\":\"search_term_string\"}}],\"inLanguage\":\"es\"},{\"@type\":\"Organization\",\"@id\":\"https:\\\/\\\/www.blancapera.com\\\/es\\\/#organization\",\"name\":\"Blanca Pera - Interior Design Studio\",\"url\":\"https:\\\/\\\/www.blancapera.com\\\/es\\\/\",\"logo\":{\"@type\":\"ImageObject\",\"inLanguage\":\"es\",\"@id\":\"https:\\\/\\\/www.blancapera.com\\\/es\\\/#\\\/schema\\\/logo\\\/image\\\/\",\"url\":\"https:\\\/\\\/www.blancapera.com\\\/wp-content\\\/uploads\\\/2024\\\/07\\\/logo-blanca-pera-studio.png\",\"contentUrl\":\"https:\\\/\\\/www.blancapera.com\\\/wp-content\\\/uploads\\\/2024\\\/07\\\/logo-blanca-pera-studio.png\",\"width\":260,\"height\":66,\"caption\":\"Blanca Pera - Interior Design Studio\"},\"image\":{\"@id\":\"https:\\\/\\\/www.blancapera.com\\\/es\\\/#\\\/schema\\\/logo\\\/image\\\/\"},\"sameAs\":[\"https:\\\/\\\/www.facebook.com\\\/blancaperainteriordesign\",\"https:\\\/\\\/www.instagram.com\\\/blancapera\\\/\"]}]}<\/script>\n<!-- \/ Yoast SEO plugin. -->","yoast_head_json":{"title":"Dise\u00f1o de Interiores y Mobiliario a Medida | Blanca Pera - Interior Design Studio","description":"Dise\u00f1o de interiores y mobiliario exclusivo a medida. Espacios \u00fanicos con estilo y funcionalidad personalizados.","robots":{"index":"index","follow":"follow","max-snippet":"max-snippet:-1","max-image-preview":"max-image-preview:large","max-video-preview":"max-video-preview:-1"},"canonical":"https:\/\/www.blancapera.com\/es\/","og_locale":"es_ES","og_type":"article","og_title":"Dise\u00f1o de Interiores y Mobiliario a Medida | Blanca Pera - Interior Design Studio","og_description":"Dise\u00f1o de interiores y mobiliario exclusivo a medida. Espacios \u00fanicos con estilo y funcionalidad personalizados.","og_url":"https:\/\/www.blancapera.com\/es\/","og_site_name":"Blanca Pera - Interior Design Studio","article_publisher":"https:\/\/www.facebook.com\/blancaperainteriordesign","article_modified_time":"2024-09-06T09:33:48+00:00","twitter_card":"summary_large_image","twitter_misc":{"Tiempo de lectura":"1 minuto"},"schema":{"@context":"https:\/\/schema.org","@graph":[{"@type":"WebPage","@id":"https:\/\/www.blancapera.com\/es\/","url":"https:\/\/www.blancapera.com\/es\/","name":"Dise\u00f1o de Interiores y Mobiliario a Medida | Blanca Pera - Interior Design Studio","isPartOf":{"@id":"https:\/\/www.blancapera.com\/es\/#website"},"datePublished":"2022-09-30T08:24:42+00:00","dateModified":"2024-09-06T09:33:48+00:00","description":"Dise\u00f1o de interiores y mobiliario exclusivo a medida. Espacios \u00fanicos con estilo y funcionalidad personalizados.","breadcrumb":{"@id":"https:\/\/www.blancapera.com\/es\/#breadcrumb"},"inLanguage":"es","potentialAction":[{"@type":"ReadAction","target":["https:\/\/www.blancapera.com\/es\/"]}]},{"@type":"BreadcrumbList","@id":"https:\/\/www.blancapera.com\/es\/#breadcrumb","itemListElement":[{"@type":"ListItem","position":1,"name":"Portada","item":"https:\/\/www.blancapera.com\/es\/"},{"@type":"ListItem","position":2,"name":"Home"}]},{"@type":"WebSite","@id":"https:\/\/www.blancapera.com\/es\/#website","url":"https:\/\/www.blancapera.com\/es\/","name":"Blanca Pera - Interior Design Studio","description":"","publisher":{"@id":"https:\/\/www.blancapera.com\/es\/#organization"},"potentialAction":[{"@type":"SearchAction","target":{"@type":"EntryPoint","urlTemplate":"https:\/\/www.blancapera.com\/es\/?s={search_term_string}"},"query-input":{"@type":"PropertyValueSpecification","valueRequired":true,"valueName":"search_term_string"}}],"inLanguage":"es"},{"@type":"Organization","@id":"https:\/\/www.blancapera.com\/es\/#organization","name":"Blanca Pera - Interior Design Studio","url":"https:\/\/www.blancapera.com\/es\/","logo":{"@type":"ImageObject","inLanguage":"es","@id":"https:\/\/www.blancapera.com\/es\/#\/schema\/logo\/image\/","url":"https:\/\/www.blancapera.com\/wp-content\/uploads\/2024\/07\/logo-blanca-pera-studio.png","contentUrl":"https:\/\/www.blancapera.com\/wp-content\/uploads\/2024\/07\/logo-blanca-pera-studio.png","width":260,"height":66,"caption":"Blanca Pera - Interior Design Studio"},"image":{"@id":"https:\/\/www.blancapera.com\/es\/#\/schema\/logo\/image\/"},"sameAs":["https:\/\/www.facebook.com\/blancaperainteriordesign","https:\/\/www.instagram.com\/blancapera\/"]}]}},"_links":{"self":[{"href":"https:\/\/www.blancapera.com\/es\/wp-json\/wp\/v2\/pages\/639","targetHints":{"allow":["GET"]}}],"collection":[{"href":"https:\/\/www.blancapera.com\/es\/wp-json\/wp\/v2\/pages"}],"about":[{"href":"https:\/\/www.blancapera.com\/es\/wp-json\/wp\/v2\/types\/page"}],"author":[{"embeddable":true,"href":"https:\/\/www.blancapera.com\/es\/wp-json\/wp\/v2\/users\/1"}],"replies":[{"embeddable":true,"href":"https:\/\/www.blancapera.com\/es\/wp-json\/wp\/v2\/comments?post=639"}],"version-history":[{"count":5,"href":"https:\/\/www.blancapera.com\/es\/wp-json\/wp\/v2\/pages\/639\/revisions"}],"predecessor-version":[{"id":655,"href":"https:\/\/www.blancapera.com\/es\/wp-json\/wp\/v2\/pages\/639\/revisions\/655"}],"wp:attachment":[{"href":"https:\/\/www.blancapera.com\/es\/wp-json\/wp\/v2\/media?parent=639"}],"curies":[{"name":"wp","href":"https:\/\/api.w.org\/{rel}","templated":true}]}}