{"id":663,"date":"2024-07-26T15:19:02","date_gmt":"2024-07-26T13:19:02","guid":{"rendered":"https:\/\/www.blancapera.com\/services\/"},"modified":"2024-09-05T15:06:44","modified_gmt":"2024-09-05T13:06:44","slug":"servicios","status":"publish","type":"page","link":"https:\/\/www.blancapera.com\/es\/servicios\/","title":{"rendered":"Servicios"},"content":{"rendered":"<section class=\"l-section wpb_row us_custom_6fd367e2 height_medium color_primary\"><div class=\"l-section-overlay\" style=\"background:rgba(0,0,0,0.20)\"><\/div><div class=\"l-section-h i-cf\"><div class=\"g-cols vc_row via_flex valign_top type_default stacking_default\"><div class=\"vc_col-sm-12 wpb_column vc_column_container\"><div class=\"vc_column-inner\"><div class=\"wpb_wrapper\"><\/div><\/div><\/div><\/div><\/div><\/section><section class=\"l-section wpb_row us_custom_94be0cb5 height_medium\"><div class=\"l-section-h i-cf\"><div class=\"g-cols vc_row via_flex valign_middle type_default stacking_default\" style=\"--additional-gap:1rem;\"><div class=\"vc_col-sm-12 wpb_column vc_column_container\"><div class=\"vc_column-inner\"><div class=\"wpb_wrapper\">[vc_custom_heading text=\u00bb<strong>Servicios<\/strong>\u00bb font_container=\u00bbtag:h1|text_align:left\u00bb use_theme_fonts=\u00bbyes\u00bb css=\u00bb%7B%22default%22%3A%7B%22font-size%22%3A%222rem%22%2C%22margin-bottom%22%3A%222rem%22%7D%2C%22laptops%22%3A%7B%22font-size%22%3A%221.8rem%22%7D%2C%22tablets%22%3A%7B%22font-size%22%3A%221.8rem%22%7D%2C%22mobiles%22%3A%7B%22font-size%22%3A%221.6rem%22%7D%7D\u00bb el_class=\u00bbdeco deco-left\u00bb][vc_custom_heading text=\u00bbEntendemos que el dise\u00f1o por s\u00ed s\u00f3lo, no es suficiente\u00bb use_theme_fonts=\u00bbyes\u00bb css=\u00bb%7B%22default%22%3A%7B%22color%22%3A%22_content_text%22%2C%22font-size%22%3A%221.25rem%22%7D%7D\u00bb]<div class=\"wpb_text_column\"><div class=\"wpb_wrapper\"><p>El \u00e9xito se alcanza mediante la interacci\u00f3n y relaci\u00f3n de un gran n\u00famero de expertos, servicios y proveedores, los cuales dependen \u00edntimamente los unos de los otros. Proveemos servicios coordinados mediante un \u00fanico punto de contacto, facilitando as\u00ed la comunicaci\u00f3n con el cliente y maximizando la eficiencia del proceso.<\/p>\n<p>Podemos desarrollar servicios espec\u00edficos o integrales de inicio a fin (llave en mano) en funci\u00f3n de las necesidades particulares de cada proyecto y cliente.<\/p>\n<\/div><\/div><\/div><\/div><\/div><\/div><\/div><\/section><section class=\"l-section wpb_row us_custom_6a27fd65 height_medium\"><div class=\"l-section-h i-cf\"><div class=\"g-cols vc_row via_flex valign_middle type_default reversed stacking_default\" style=\"--additional-gap:1rem;\"><div class=\"vc_col-sm-5 wpb_column vc_column_container\"><div class=\"vc_column-inner us_custom_62e46706\"><div class=\"wpb_wrapper\">[vc_custom_heading text=\u00bbDise\u00f1o Residencial y Comercial\u00bb font_container=\u00bbtag:h3|text_align:center\u00bb use_theme_fonts=\u00bbyes\u00bb]<\/div><\/div><\/div><div class=\"vc_col-sm-7 wpb_column vc_column_container has_bg_color stretched\"><div class=\"vc_column-inner us_custom_24c92fe9\"><div class=\"wpb_wrapper\"><\/div><\/div><\/div><\/div><\/div><\/section><section class=\"l-section wpb_row us_custom_99509c78 height_medium\"><div class=\"l-section-h i-cf\"><div class=\"g-cols vc_row via_flex valign_middle type_default stacking_default\" style=\"--additional-gap:1rem;\"><div class=\"vc_col-sm-7 wpb_column vc_column_container has_bg_color stretched\"><div class=\"vc_column-inner us_custom_f6a63745\"><div class=\"wpb_wrapper\"><\/div><\/div><\/div><div class=\"vc_col-sm-5 wpb_column vc_column_container\"><div class=\"vc_column-inner us_custom_62e46706\"><div class=\"wpb_wrapper\">[vc_custom_heading text=\u00bbReforma completa\u00bb font_container=\u00bbtag:h3|text_align:center\u00bb use_theme_fonts=\u00bbyes\u00bb]<\/div><\/div><\/div><\/div><\/div><\/section><section class=\"l-section wpb_row us_custom_99509c78 height_medium\"><div class=\"l-section-h i-cf\"><div class=\"g-cols vc_row via_flex valign_middle type_default reversed stacking_default\" style=\"--additional-gap:1rem;\"><div class=\"vc_col-sm-5 wpb_column vc_column_container\"><div class=\"vc_column-inner us_custom_62e46706\"><div class=\"wpb_wrapper\">[vc_custom_heading text=\u00bbDise\u00f1o de muebles a medida\u00bb font_container=\u00bbtag:h3|text_align:center\u00bb use_theme_fonts=\u00bbyes\u00bb]<\/div><\/div><\/div><div class=\"vc_col-sm-7 wpb_column vc_column_container has_bg_color stretched\"><div class=\"vc_column-inner us_custom_bd73593d\"><div class=\"wpb_wrapper\"><\/div><\/div><\/div><\/div><\/div><\/section><section class=\"l-section wpb_row us_custom_7bdc4aa4 height_medium\"><div class=\"l-section-h i-cf\"><div class=\"g-cols vc_row via_flex valign_middle type_default stacking_default\" style=\"--additional-gap:1rem;\"><div class=\"vc_col-sm-7 wpb_column vc_column_container has_bg_color stretched\"><div class=\"vc_column-inner us_custom_610cebb5\"><div class=\"wpb_wrapper\"><\/div><\/div><\/div><div class=\"vc_col-sm-5 wpb_column vc_column_container\"><div class=\"vc_column-inner us_custom_62e46706\"><div class=\"wpb_wrapper\">[vc_custom_heading text=\u00bbDise\u00f1o de exteriores\u00bb font_container=\u00bbtag:h3|text_align:center\u00bb use_theme_fonts=\u00bbyes\u00bb]<\/div><\/div><\/div><\/div><\/div><\/section><section class=\"l-section wpb_row us_custom_29e795d4 height_medium\"><div class=\"l-section-h i-cf\"><div class=\"g-cols vc_row via_flex valign_middle type_default stacking_default\" style=\"--additional-gap:1rem;\"><div class=\"vc_col-sm-12 wpb_column vc_column_container\"><div class=\"vc_column-inner\"><div class=\"wpb_wrapper\"><div class=\"wpb_text_column\"><div class=\"wpb_wrapper\"><p>Desarrollamos interiores que reflejan el estilo de vida del cliente, ofreciendo siempre un \u2018leitmotiv\u2019 \u00fanico y singular para la ambientaci\u00f3n y entorno de cada proyecto.<\/p>\n<p>Cubrimos cualquier peque\u00f1o detalle, y cualquier elemento necesario para equipar una propiedad: compra de mobiliario, mobiliario hecho a medida, iluminaci\u00f3n decorativa, textiles del hogar: cortinas, alfombras, cojines, ropa de cama, ropa de ba\u00f1o, objetos decorativos y piezas de arte.<\/p>\n<p>Creamos un proceso personalizado, y centrado en la satisfacci\u00f3n de cada cliente, a trav\u00e9s de la combinaci\u00f3n de los expertos necesarios en cada caso.<\/p>\n<p>De este modo, aseguramos un enfoque coordinado y una mayor atenci\u00f3n en cada detalle.<\/p>\n<\/div><\/div><\/div><\/div><\/div><\/div><\/div><\/section><section class=\"l-section wpb_row us_custom_29e795d4 height_medium\"><div class=\"l-section-h i-cf\"><div class=\"g-cols vc_row via_flex valign_middle type_default reversed stacking_default\" style=\"--additional-gap:1rem;\"><div class=\"vc_col-sm-7 wpb_column vc_column_container has_bg_color stretched\"><div class=\"vc_column-inner us_custom_566385bf\"><div class=\"wpb_wrapper\"><\/div><\/div><\/div><div class=\"vc_col-sm-5 wpb_column vc_column_container\"><div class=\"vc_column-inner us_custom_62e46706\"><div class=\"wpb_wrapper\">[vc_custom_heading text=\u00bb<strong>Proceso creativo<\/strong>\u00bb use_theme_fonts=\u00bbyes\u00bb css=\u00bb%7B%22default%22%3A%7B%22margin-bottom%22%3A%222rem%22%7D%7D\u00bb el_class=\u00bbdeco deco-right\u00bb]<div class=\"wpb_text_column\"><div class=\"wpb_wrapper\"><p>BLANCA PERA INTERIOR DESIGN STUDIO trazar\u00e1 una hoja de ruta clara y personalizada, identificando los retos del proyecto, estableciendo tiempos, costes, y los momentos clave de interacci\u00f3n.<\/p>\n<p>EL ESTUDIO capturar\u00e1 la esencia del estilo de vida o la identidad de la empresa, y gestionar\u00e1 un servicio espec\u00edfico, o un servicio integral de inicio a fin.<\/p>\n<p>El cliente disfrutar\u00e1 placenteramente del proceso y de la belleza del resultado.<\/p>\n<\/div><\/div><\/div><\/div><\/div><\/div><\/div><\/section>\n","protected":false},"excerpt":{"rendered":"[vc_custom_heading text=\"Servicios\" font_container=\"tag:h1|text_align:left\" use_theme_fonts=\"yes\" css=\"%7B%22default%22%3A%7B%22font-size%22%3A%222rem%22%2C%22margin-bottom%22%3A%222rem%22%7D%2C%22laptops%22%3A%7B%22font-size%22%3A%221.8rem%22%7D%2C%22tablets%22%3A%7B%22font-size%22%3A%221.8rem%22%7D%2C%22mobiles%22%3A%7B%22font-size%22%3A%221.6rem%22%7D%7D\" el_class=\"deco deco-left\"][vc_custom_heading text=\"Entendemos que el dise\u00f1o por s\u00ed s\u00f3lo, no es suficiente\" use_theme_fonts=\"yes\" css=\"%7B%22default%22%3A%7B%22color%22%3A%22_content_text%22%2C%22font-size%22%3A%221.25rem%22%7D%7D\"]El \u00e9xito se alcanza mediante la interacci\u00f3n y relaci\u00f3n de un gran n\u00famero de expertos, servicios y proveedores, los cuales dependen \u00edntimamente los unos de los otros. Proveemos servicios coordinados mediante un \u00fanico punto de contacto, facilitando...","protected":false},"author":1,"featured_media":0,"parent":0,"menu_order":0,"comment_status":"closed","ping_status":"closed","template":"","meta":{"footnotes":""},"class_list":["post-663","page","type-page","status-publish","hentry"],"yoast_head":"<!-- This site is optimized with the Yoast SEO plugin v27.5 - https:\/\/yoast.com\/product\/yoast-seo-wordpress\/ -->\n<title>Servicios | Blanca Pera - Interior Design Studio<\/title>\n<meta name=\"robots\" content=\"index, follow, max-snippet:-1, max-image-preview:large, max-video-preview:-1\" \/>\n<link rel=\"canonical\" href=\"https:\/\/www.blancapera.com\/es\/servicios\/\" \/>\n<meta property=\"og:locale\" content=\"es_ES\" \/>\n<meta property=\"og:type\" content=\"article\" \/>\n<meta property=\"og:title\" content=\"Servicios | Blanca Pera - Interior Design Studio\" \/>\n<meta property=\"og:url\" content=\"https:\/\/www.blancapera.com\/es\/servicios\/\" \/>\n<meta property=\"og:site_name\" content=\"Blanca Pera - Interior Design Studio\" \/>\n<meta property=\"article:publisher\" content=\"https:\/\/www.facebook.com\/blancaperainteriordesign\" \/>\n<meta property=\"article:modified_time\" content=\"2024-09-05T13:06:44+00:00\" \/>\n<meta name=\"twitter:card\" content=\"summary_large_image\" \/>\n<meta name=\"twitter:label1\" content=\"Tiempo de lectura\" \/>\n\t<meta name=\"twitter:data1\" content=\"6 minutos\" \/>\n<script type=\"application\/ld+json\" class=\"yoast-schema-graph\">{\"@context\":\"https:\\\/\\\/schema.org\",\"@graph\":[{\"@type\":\"WebPage\",\"@id\":\"https:\\\/\\\/www.blancapera.com\\\/es\\\/servicios\\\/\",\"url\":\"https:\\\/\\\/www.blancapera.com\\\/es\\\/servicios\\\/\",\"name\":\"Servicios | Blanca Pera - Interior Design Studio\",\"isPartOf\":{\"@id\":\"https:\\\/\\\/www.blancapera.com\\\/es\\\/#website\"},\"datePublished\":\"2024-07-26T13:19:02+00:00\",\"dateModified\":\"2024-09-05T13:06:44+00:00\",\"breadcrumb\":{\"@id\":\"https:\\\/\\\/www.blancapera.com\\\/es\\\/servicios\\\/#breadcrumb\"},\"inLanguage\":\"es\",\"potentialAction\":[{\"@type\":\"ReadAction\",\"target\":[\"https:\\\/\\\/www.blancapera.com\\\/es\\\/servicios\\\/\"]}]},{\"@type\":\"BreadcrumbList\",\"@id\":\"https:\\\/\\\/www.blancapera.com\\\/es\\\/servicios\\\/#breadcrumb\",\"itemListElement\":[{\"@type\":\"ListItem\",\"position\":1,\"name\":\"Portada\",\"item\":\"https:\\\/\\\/www.blancapera.com\\\/es\\\/\"},{\"@type\":\"ListItem\",\"position\":2,\"name\":\"Servicios\"}]},{\"@type\":\"WebSite\",\"@id\":\"https:\\\/\\\/www.blancapera.com\\\/es\\\/#website\",\"url\":\"https:\\\/\\\/www.blancapera.com\\\/es\\\/\",\"name\":\"Blanca Pera - Interior Design Studio\",\"description\":\"\",\"publisher\":{\"@id\":\"https:\\\/\\\/www.blancapera.com\\\/es\\\/#organization\"},\"potentialAction\":[{\"@type\":\"SearchAction\",\"target\":{\"@type\":\"EntryPoint\",\"urlTemplate\":\"https:\\\/\\\/www.blancapera.com\\\/es\\\/?s={search_term_string}\"},\"query-input\":{\"@type\":\"PropertyValueSpecification\",\"valueRequired\":true,\"valueName\":\"search_term_string\"}}],\"inLanguage\":\"es\"},{\"@type\":\"Organization\",\"@id\":\"https:\\\/\\\/www.blancapera.com\\\/es\\\/#organization\",\"name\":\"Blanca Pera - Interior Design Studio\",\"url\":\"https:\\\/\\\/www.blancapera.com\\\/es\\\/\",\"logo\":{\"@type\":\"ImageObject\",\"inLanguage\":\"es\",\"@id\":\"https:\\\/\\\/www.blancapera.com\\\/es\\\/#\\\/schema\\\/logo\\\/image\\\/\",\"url\":\"https:\\\/\\\/www.blancapera.com\\\/wp-content\\\/uploads\\\/2024\\\/07\\\/logo-blanca-pera-studio.png\",\"contentUrl\":\"https:\\\/\\\/www.blancapera.com\\\/wp-content\\\/uploads\\\/2024\\\/07\\\/logo-blanca-pera-studio.png\",\"width\":260,\"height\":66,\"caption\":\"Blanca Pera - Interior Design Studio\"},\"image\":{\"@id\":\"https:\\\/\\\/www.blancapera.com\\\/es\\\/#\\\/schema\\\/logo\\\/image\\\/\"},\"sameAs\":[\"https:\\\/\\\/www.facebook.com\\\/blancaperainteriordesign\",\"https:\\\/\\\/www.instagram.com\\\/blancapera\\\/\"]}]}<\/script>\n<!-- \/ Yoast SEO plugin. -->","yoast_head_json":{"title":"Servicios | Blanca Pera - Interior Design Studio","robots":{"index":"index","follow":"follow","max-snippet":"max-snippet:-1","max-image-preview":"max-image-preview:large","max-video-preview":"max-video-preview:-1"},"canonical":"https:\/\/www.blancapera.com\/es\/servicios\/","og_locale":"es_ES","og_type":"article","og_title":"Servicios | Blanca Pera - Interior Design Studio","og_url":"https:\/\/www.blancapera.com\/es\/servicios\/","og_site_name":"Blanca Pera - Interior Design Studio","article_publisher":"https:\/\/www.facebook.com\/blancaperainteriordesign","article_modified_time":"2024-09-05T13:06:44+00:00","twitter_card":"summary_large_image","twitter_misc":{"Tiempo de lectura":"6 minutos"},"schema":{"@context":"https:\/\/schema.org","@graph":[{"@type":"WebPage","@id":"https:\/\/www.blancapera.com\/es\/servicios\/","url":"https:\/\/www.blancapera.com\/es\/servicios\/","name":"Servicios | Blanca Pera - Interior Design Studio","isPartOf":{"@id":"https:\/\/www.blancapera.com\/es\/#website"},"datePublished":"2024-07-26T13:19:02+00:00","dateModified":"2024-09-05T13:06:44+00:00","breadcrumb":{"@id":"https:\/\/www.blancapera.com\/es\/servicios\/#breadcrumb"},"inLanguage":"es","potentialAction":[{"@type":"ReadAction","target":["https:\/\/www.blancapera.com\/es\/servicios\/"]}]},{"@type":"BreadcrumbList","@id":"https:\/\/www.blancapera.com\/es\/servicios\/#breadcrumb","itemListElement":[{"@type":"ListItem","position":1,"name":"Portada","item":"https:\/\/www.blancapera.com\/es\/"},{"@type":"ListItem","position":2,"name":"Servicios"}]},{"@type":"WebSite","@id":"https:\/\/www.blancapera.com\/es\/#website","url":"https:\/\/www.blancapera.com\/es\/","name":"Blanca Pera - Interior Design Studio","description":"","publisher":{"@id":"https:\/\/www.blancapera.com\/es\/#organization"},"potentialAction":[{"@type":"SearchAction","target":{"@type":"EntryPoint","urlTemplate":"https:\/\/www.blancapera.com\/es\/?s={search_term_string}"},"query-input":{"@type":"PropertyValueSpecification","valueRequired":true,"valueName":"search_term_string"}}],"inLanguage":"es"},{"@type":"Organization","@id":"https:\/\/www.blancapera.com\/es\/#organization","name":"Blanca Pera - Interior Design Studio","url":"https:\/\/www.blancapera.com\/es\/","logo":{"@type":"ImageObject","inLanguage":"es","@id":"https:\/\/www.blancapera.com\/es\/#\/schema\/logo\/image\/","url":"https:\/\/www.blancapera.com\/wp-content\/uploads\/2024\/07\/logo-blanca-pera-studio.png","contentUrl":"https:\/\/www.blancapera.com\/wp-content\/uploads\/2024\/07\/logo-blanca-pera-studio.png","width":260,"height":66,"caption":"Blanca Pera - Interior Design Studio"},"image":{"@id":"https:\/\/www.blancapera.com\/es\/#\/schema\/logo\/image\/"},"sameAs":["https:\/\/www.facebook.com\/blancaperainteriordesign","https:\/\/www.instagram.com\/blancapera\/"]}]}},"_links":{"self":[{"href":"https:\/\/www.blancapera.com\/es\/wp-json\/wp\/v2\/pages\/663","targetHints":{"allow":["GET"]}}],"collection":[{"href":"https:\/\/www.blancapera.com\/es\/wp-json\/wp\/v2\/pages"}],"about":[{"href":"https:\/\/www.blancapera.com\/es\/wp-json\/wp\/v2\/types\/page"}],"author":[{"embeddable":true,"href":"https:\/\/www.blancapera.com\/es\/wp-json\/wp\/v2\/users\/1"}],"replies":[{"embeddable":true,"href":"https:\/\/www.blancapera.com\/es\/wp-json\/wp\/v2\/comments?post=663"}],"version-history":[{"count":5,"href":"https:\/\/www.blancapera.com\/es\/wp-json\/wp\/v2\/pages\/663\/revisions"}],"predecessor-version":[{"id":716,"href":"https:\/\/www.blancapera.com\/es\/wp-json\/wp\/v2\/pages\/663\/revisions\/716"}],"wp:attachment":[{"href":"https:\/\/www.blancapera.com\/es\/wp-json\/wp\/v2\/media?parent=663"}],"curies":[{"name":"wp","href":"https:\/\/api.w.org\/{rel}","templated":true}]}}