{"id":675,"date":"2022-09-30T13:26:09","date_gmt":"2022-09-30T11:26:09","guid":{"rendered":"https:\/\/www.blancapera.com\/contact\/"},"modified":"2024-09-05T11:26:24","modified_gmt":"2024-09-05T09:26:24","slug":"contacto","status":"publish","type":"page","link":"https:\/\/www.blancapera.com\/es\/contacto\/","title":{"rendered":"Contacto"},"content":{"rendered":"<section class=\"l-section wpb_row us_custom_9a5bb30a height_medium color_primary\"><div class=\"l-section-overlay\" style=\"background:rgba(0,0,0,0.20)\"><\/div><div class=\"l-section-h i-cf\"><div class=\"g-cols vc_row via_flex valign_top type_default stacking_default\"><div class=\"vc_col-sm-12 wpb_column vc_column_container\"><div class=\"vc_column-inner\"><div class=\"wpb_wrapper\"><\/div><\/div><\/div><\/div><\/div><\/section><section class=\"l-section wpb_row height_medium\"><div class=\"l-section-h i-cf\"><div class=\"g-cols vc_row via_flex valign_top type_default stacking_default\"><div class=\"vc_col-sm-6 wpb_column vc_column_container\"><div class=\"vc_column-inner\"><div class=\"wpb_wrapper\">[vc_custom_heading text=\u00bb<strong>Contacta con nosotros<\/strong>\u00bb font_container=\u00bbtag:h1|text_align:left\u00bb use_theme_fonts=\u00bbyes\u00bb el_class=\u00bbdeco deco-left\u00bb css=\u00bb%7B%22default%22%3A%7B%22font-size%22%3A%222rem%22%2C%22margin-bottom%22%3A%222rem%22%7D%2C%22laptops%22%3A%7B%22font-size%22%3A%221.8rem%22%7D%2C%22tablets%22%3A%7B%22font-size%22%3A%221.8rem%22%7D%2C%22mobiles%22%3A%7B%22font-size%22%3A%221.6rem%22%7D%7D\u00bb]<p class=\"w-text us_custom_651acd80\"><span class=\"w-text-h\"><span class=\"w-text-value\">Blanca Pera<\/span><\/span><\/p><div class=\"w-vwrapper us_custom_762fc1d4 align_none valign_top\" style=\"--vwrapper-gap:0px\"><p class=\"w-text us_custom_ea76afbe\"><span class=\"w-text-h\"><span class=\"w-text-value\">Tel\u00e9fono<\/span><\/span><\/p><div class=\"wpb_text_column\"><div class=\"wpb_wrapper\"><p><a href=\"tel:+34609541132\">(+34) 609 541 132<\/a><\/p>\n<\/div><\/div><\/div><div class=\"w-vwrapper us_custom_762fc1d4 align_none valign_top\" style=\"--vwrapper-gap:0px\"><p class=\"w-text us_custom_ea76afbe\"><span class=\"w-text-h\"><span class=\"w-text-value\">Email<\/span><\/span><\/p><div class=\"wpb_text_column\"><div class=\"wpb_wrapper\"><p><a href=\"mailto:info@blancapera.com\">info@blancapera.com<\/a><\/p>\n<\/div><\/div><\/div><div class=\"w-socials color_text shape_circle style_outlined hover_fade\" style=\"--gap:5px;\"><div class=\"w-socials-list\"><div class=\"w-socials-item instagram\"><a target=\"_blank\" rel=\"nofollow\" href=\"https:\/\/www.instagram.com\/blancapera\/\" class=\"w-socials-item-link\" title=\"Instagram\" aria-label=\"Instagram\"><span class=\"w-socials-item-link-hover\"><\/span><span class=\"fab fa-instagram\"><\/span><\/a><div class=\"w-socials-item-popup\"><span>Instagram<\/span><\/div><\/div><div class=\"w-socials-item facebook\"><a target=\"_blank\" rel=\"nofollow\" href=\"https:\/\/www.facebook.com\/blancaperainteriordesign\" class=\"w-socials-item-link\" title=\"Facebook\" aria-label=\"Facebook\"><span class=\"w-socials-item-link-hover\"><\/span><span class=\"fab fa-facebook\"><\/span><\/a><div class=\"w-socials-item-popup\"><span>Facebook<\/span><\/div><\/div><\/div><\/div><\/div><\/div><\/div><div class=\"vc_col-sm-6 wpb_column vc_column_container\"><div class=\"vc_column-inner\"><div class=\"wpb_wrapper\">\n<div class=\"wpcf7 no-js\" id=\"wpcf7-f681-o1\" lang=\"es-ES\" dir=\"ltr\" data-wpcf7-id=\"681\">\n<div class=\"screen-reader-response\"><p role=\"status\" aria-live=\"polite\" aria-atomic=\"true\"><\/p> <ul><\/ul><\/div>\n<form action=\"\/es\/wp-json\/wp\/v2\/pages\/675#wpcf7-f681-o1\" method=\"post\" class=\"wpcf7-form init wpcf7-acceptance-as-validation\" aria-label=\"Formulario de contacto\" novalidate=\"novalidate\" data-status=\"init\">\n<fieldset class=\"hidden-fields-container\"><input type=\"hidden\" name=\"_wpcf7\" value=\"681\" \/><input type=\"hidden\" name=\"_wpcf7_version\" value=\"6.1.5\" \/><input type=\"hidden\" name=\"_wpcf7_locale\" value=\"es_ES\" \/><input type=\"hidden\" name=\"_wpcf7_unit_tag\" value=\"wpcf7-f681-o1\" \/><input type=\"hidden\" name=\"_wpcf7_container_post\" value=\"0\" \/><input type=\"hidden\" name=\"_wpcf7_posted_data_hash\" value=\"\" \/><input type=\"hidden\" name=\"_wpcf7_recaptcha_response\" value=\"\" \/>\n<\/fieldset>\n<div class=\"row\">\n<div class=\"col-xs-12\"><div class=\"form-group\"><label for=\"nombre\"><span class=\"label\">Nombre y apellidos<\/span><span class=\"wpcf7-form-control-wrap\" data-name=\"nombre\"><input size=\"40\" maxlength=\"400\" class=\"wpcf7-form-control wpcf7-text wpcf7-validates-as-required\" id=\"nombre\" aria-required=\"true\" aria-invalid=\"false\" placeholder=\"Nombre y apellidos*\" value=\"\" type=\"text\" name=\"nombre\" \/><\/span><\/label><\/div><\/div>\n<\/div>\n<div class=\"row\">\n<div class=\"col-xs-6\"><div class=\"form-group\"><label for=\"email\"><span class=\"label\">Email<\/span><span class=\"wpcf7-form-control-wrap\" data-name=\"email\"><input size=\"40\" maxlength=\"400\" class=\"wpcf7-form-control wpcf7-email wpcf7-validates-as-required wpcf7-text wpcf7-validates-as-email\" id=\"email\" aria-required=\"true\" aria-invalid=\"false\" placeholder=\"Email*\" value=\"\" type=\"email\" name=\"email\" \/><\/span><\/label><\/div><\/div>\n<div class=\"col-xs-6\"><div class=\"form-group\"><label for=\"telefono\"><span class=\"label\">Tel\u00e9fono<\/span><span class=\"wpcf7-form-control-wrap\" data-name=\"telefono\"><input size=\"40\" maxlength=\"400\" class=\"wpcf7-form-control wpcf7-tel wpcf7-text wpcf7-validates-as-tel\" id=\"telefono\" aria-invalid=\"false\" placeholder=\"Tel\u00e9fono\" value=\"\" type=\"tel\" name=\"telefono\" \/><\/span><\/label><\/div><\/div>\n<\/div>\n<div class=\"row\">\n<div class=\"col-xs-12\"><div class=\"form-group\"><label for=\"mensaje\"><span class=\"label\">Mensaje<\/span><span class=\"wpcf7-form-control-wrap\" data-name=\"mensaje\"><textarea cols=\"40\" rows=\"10\" maxlength=\"2000\" class=\"wpcf7-form-control wpcf7-textarea wpcf7-validates-as-required\" id=\"mensaje\" aria-required=\"true\" aria-invalid=\"false\" placeholder=\"Mensaje*\" name=\"mensaje\"><\/textarea><\/span><\/label><\/div><\/div>\n<\/div>\n<div class=\"row\">\n<div class=\"col-xs-12\"><div class=\"form-group\"><label for=\"legal\"><span class=\"wpcf7-form-control-wrap\" data-name=\"legal\"><span class=\"wpcf7-form-control wpcf7-acceptance\"><span class=\"wpcf7-list-item\"><label><input type=\"checkbox\" name=\"legal\" value=\"1\" id=\"legal\" aria-invalid=\"false\" \/><span class=\"wpcf7-list-item-label\">He le\u00eddo y acepto la <a target=\"_blank\" rel=\"nofollow\" href=\"https:\/\/www.blancapera.com\/es\/politica-de-privacidad\/\">pol\u00edtica de privacidad<\/a>.<\/span><\/label><\/span><\/span><\/span><\/label><\/div><\/div>\n<\/div>\n<div class=\"block-submit\"><input class=\"wpcf7-form-control wpcf7-submit has-spinner\" id=\"form-contact\" type=\"submit\" value=\"Enviar\" \/><\/div><div class=\"wpcf7-response-output\" aria-hidden=\"true\"><\/div>\n<\/form>\n<\/div>\n<\/div><\/div><\/div><\/div><\/div><\/section>\n","protected":false},"excerpt":{"rendered":"[vc_custom_heading text=\"Contacta con nosotros\" font_container=\"tag:h1|text_align:left\" use_theme_fonts=\"yes\" el_class=\"deco deco-left\" css=\"%7B%22default%22%3A%7B%22font-size%22%3A%222rem%22%2C%22margin-bottom%22%3A%222rem%22%7D%2C%22laptops%22%3A%7B%22font-size%22%3A%221.8rem%22%7D%2C%22tablets%22%3A%7B%22font-size%22%3A%221.8rem%22%7D%2C%22mobiles%22%3A%7B%22font-size%22%3A%221.6rem%22%7D%7D\"]Blanca PeraTel\u00e9fono(+34) 609 541 132 Emailinfo@blancapera.com InstagramFacebook Nombre y apellidos Email Tel\u00e9fono Mensaje He le\u00eddo y acepto la pol\u00edtica de privacidad.","protected":false},"author":1,"featured_media":0,"parent":0,"menu_order":0,"comment_status":"closed","ping_status":"closed","template":"","meta":{"footnotes":""},"class_list":["post-675","page","type-page","status-publish","hentry"],"yoast_head":"<!-- This site is optimized with the Yoast SEO plugin v27.5 - https:\/\/yoast.com\/product\/yoast-seo-wordpress\/ -->\n<title>Contacto | Blanca Pera - Interior Design Studio<\/title>\n<meta name=\"robots\" content=\"index, follow, max-snippet:-1, max-image-preview:large, max-video-preview:-1\" \/>\n<link rel=\"canonical\" href=\"https:\/\/www.blancapera.com\/es\/contacto\/\" \/>\n<meta property=\"og:locale\" content=\"es_ES\" \/>\n<meta property=\"og:type\" content=\"article\" \/>\n<meta property=\"og:title\" content=\"Contacto | Blanca Pera - Interior Design Studio\" \/>\n<meta property=\"og:url\" content=\"https:\/\/www.blancapera.com\/es\/contacto\/\" \/>\n<meta property=\"og:site_name\" content=\"Blanca Pera - Interior Design Studio\" \/>\n<meta property=\"article:publisher\" content=\"https:\/\/www.facebook.com\/blancaperainteriordesign\" \/>\n<meta property=\"article:modified_time\" content=\"2024-09-05T09:26:24+00:00\" \/>\n<meta name=\"twitter:card\" content=\"summary_large_image\" \/>\n<meta name=\"twitter:label1\" content=\"Tiempo de lectura\" \/>\n\t<meta name=\"twitter:data1\" content=\"2 minutos\" \/>\n<script type=\"application\/ld+json\" class=\"yoast-schema-graph\">{\"@context\":\"https:\\\/\\\/schema.org\",\"@graph\":[{\"@type\":\"WebPage\",\"@id\":\"https:\\\/\\\/www.blancapera.com\\\/es\\\/contacto\\\/\",\"url\":\"https:\\\/\\\/www.blancapera.com\\\/es\\\/contacto\\\/\",\"name\":\"Contacto | Blanca Pera - Interior Design Studio\",\"isPartOf\":{\"@id\":\"https:\\\/\\\/www.blancapera.com\\\/es\\\/#website\"},\"datePublished\":\"2022-09-30T11:26:09+00:00\",\"dateModified\":\"2024-09-05T09:26:24+00:00\",\"breadcrumb\":{\"@id\":\"https:\\\/\\\/www.blancapera.com\\\/es\\\/contacto\\\/#breadcrumb\"},\"inLanguage\":\"es\",\"potentialAction\":[{\"@type\":\"ReadAction\",\"target\":[\"https:\\\/\\\/www.blancapera.com\\\/es\\\/contacto\\\/\"]}]},{\"@type\":\"BreadcrumbList\",\"@id\":\"https:\\\/\\\/www.blancapera.com\\\/es\\\/contacto\\\/#breadcrumb\",\"itemListElement\":[{\"@type\":\"ListItem\",\"position\":1,\"name\":\"Portada\",\"item\":\"https:\\\/\\\/www.blancapera.com\\\/es\\\/\"},{\"@type\":\"ListItem\",\"position\":2,\"name\":\"Contacto\"}]},{\"@type\":\"WebSite\",\"@id\":\"https:\\\/\\\/www.blancapera.com\\\/es\\\/#website\",\"url\":\"https:\\\/\\\/www.blancapera.com\\\/es\\\/\",\"name\":\"Blanca Pera - Interior Design Studio\",\"description\":\"\",\"publisher\":{\"@id\":\"https:\\\/\\\/www.blancapera.com\\\/es\\\/#organization\"},\"potentialAction\":[{\"@type\":\"SearchAction\",\"target\":{\"@type\":\"EntryPoint\",\"urlTemplate\":\"https:\\\/\\\/www.blancapera.com\\\/es\\\/?s={search_term_string}\"},\"query-input\":{\"@type\":\"PropertyValueSpecification\",\"valueRequired\":true,\"valueName\":\"search_term_string\"}}],\"inLanguage\":\"es\"},{\"@type\":\"Organization\",\"@id\":\"https:\\\/\\\/www.blancapera.com\\\/es\\\/#organization\",\"name\":\"Blanca Pera - Interior Design Studio\",\"url\":\"https:\\\/\\\/www.blancapera.com\\\/es\\\/\",\"logo\":{\"@type\":\"ImageObject\",\"inLanguage\":\"es\",\"@id\":\"https:\\\/\\\/www.blancapera.com\\\/es\\\/#\\\/schema\\\/logo\\\/image\\\/\",\"url\":\"https:\\\/\\\/www.blancapera.com\\\/wp-content\\\/uploads\\\/2024\\\/07\\\/logo-blanca-pera-studio.png\",\"contentUrl\":\"https:\\\/\\\/www.blancapera.com\\\/wp-content\\\/uploads\\\/2024\\\/07\\\/logo-blanca-pera-studio.png\",\"width\":260,\"height\":66,\"caption\":\"Blanca Pera - Interior Design Studio\"},\"image\":{\"@id\":\"https:\\\/\\\/www.blancapera.com\\\/es\\\/#\\\/schema\\\/logo\\\/image\\\/\"},\"sameAs\":[\"https:\\\/\\\/www.facebook.com\\\/blancaperainteriordesign\",\"https:\\\/\\\/www.instagram.com\\\/blancapera\\\/\"]}]}<\/script>\n<!-- \/ Yoast SEO plugin. -->","yoast_head_json":{"title":"Contacto | Blanca Pera - Interior Design Studio","robots":{"index":"index","follow":"follow","max-snippet":"max-snippet:-1","max-image-preview":"max-image-preview:large","max-video-preview":"max-video-preview:-1"},"canonical":"https:\/\/www.blancapera.com\/es\/contacto\/","og_locale":"es_ES","og_type":"article","og_title":"Contacto | Blanca Pera - Interior Design Studio","og_url":"https:\/\/www.blancapera.com\/es\/contacto\/","og_site_name":"Blanca Pera - Interior Design Studio","article_publisher":"https:\/\/www.facebook.com\/blancaperainteriordesign","article_modified_time":"2024-09-05T09:26:24+00:00","twitter_card":"summary_large_image","twitter_misc":{"Tiempo de lectura":"2 minutos"},"schema":{"@context":"https:\/\/schema.org","@graph":[{"@type":"WebPage","@id":"https:\/\/www.blancapera.com\/es\/contacto\/","url":"https:\/\/www.blancapera.com\/es\/contacto\/","name":"Contacto | Blanca Pera - Interior Design Studio","isPartOf":{"@id":"https:\/\/www.blancapera.com\/es\/#website"},"datePublished":"2022-09-30T11:26:09+00:00","dateModified":"2024-09-05T09:26:24+00:00","breadcrumb":{"@id":"https:\/\/www.blancapera.com\/es\/contacto\/#breadcrumb"},"inLanguage":"es","potentialAction":[{"@type":"ReadAction","target":["https:\/\/www.blancapera.com\/es\/contacto\/"]}]},{"@type":"BreadcrumbList","@id":"https:\/\/www.blancapera.com\/es\/contacto\/#breadcrumb","itemListElement":[{"@type":"ListItem","position":1,"name":"Portada","item":"https:\/\/www.blancapera.com\/es\/"},{"@type":"ListItem","position":2,"name":"Contacto"}]},{"@type":"WebSite","@id":"https:\/\/www.blancapera.com\/es\/#website","url":"https:\/\/www.blancapera.com\/es\/","name":"Blanca Pera - Interior Design Studio","description":"","publisher":{"@id":"https:\/\/www.blancapera.com\/es\/#organization"},"potentialAction":[{"@type":"SearchAction","target":{"@type":"EntryPoint","urlTemplate":"https:\/\/www.blancapera.com\/es\/?s={search_term_string}"},"query-input":{"@type":"PropertyValueSpecification","valueRequired":true,"valueName":"search_term_string"}}],"inLanguage":"es"},{"@type":"Organization","@id":"https:\/\/www.blancapera.com\/es\/#organization","name":"Blanca Pera - Interior Design Studio","url":"https:\/\/www.blancapera.com\/es\/","logo":{"@type":"ImageObject","inLanguage":"es","@id":"https:\/\/www.blancapera.com\/es\/#\/schema\/logo\/image\/","url":"https:\/\/www.blancapera.com\/wp-content\/uploads\/2024\/07\/logo-blanca-pera-studio.png","contentUrl":"https:\/\/www.blancapera.com\/wp-content\/uploads\/2024\/07\/logo-blanca-pera-studio.png","width":260,"height":66,"caption":"Blanca Pera - Interior Design Studio"},"image":{"@id":"https:\/\/www.blancapera.com\/es\/#\/schema\/logo\/image\/"},"sameAs":["https:\/\/www.facebook.com\/blancaperainteriordesign","https:\/\/www.instagram.com\/blancapera\/"]}]}},"_links":{"self":[{"href":"https:\/\/www.blancapera.com\/es\/wp-json\/wp\/v2\/pages\/675","targetHints":{"allow":["GET"]}}],"collection":[{"href":"https:\/\/www.blancapera.com\/es\/wp-json\/wp\/v2\/pages"}],"about":[{"href":"https:\/\/www.blancapera.com\/es\/wp-json\/wp\/v2\/types\/page"}],"author":[{"embeddable":true,"href":"https:\/\/www.blancapera.com\/es\/wp-json\/wp\/v2\/users\/1"}],"replies":[{"embeddable":true,"href":"https:\/\/www.blancapera.com\/es\/wp-json\/wp\/v2\/comments?post=675"}],"version-history":[{"count":1,"href":"https:\/\/www.blancapera.com\/es\/wp-json\/wp\/v2\/pages\/675\/revisions"}],"predecessor-version":[{"id":676,"href":"https:\/\/www.blancapera.com\/es\/wp-json\/wp\/v2\/pages\/675\/revisions\/676"}],"wp:attachment":[{"href":"https:\/\/www.blancapera.com\/es\/wp-json\/wp\/v2\/media?parent=675"}],"curies":[{"name":"wp","href":"https:\/\/api.w.org\/{rel}","templated":true}]}}